{"id":2664,"date":"2025-12-16T18:00:32","date_gmt":"2025-12-16T16:00:32","guid":{"rendered":"http:\/\/localhost:8080\/lv\/?page_id=2664"},"modified":"2025-12-18T10:57:56","modified_gmt":"2025-12-18T08:57:56","slug":"sakums","status":"publish","type":"page","link":"https:\/\/lifeplatforma-staging.needit.lv\/lv\/","title":{"rendered":"S\u0101kums"},"content":{"rendered":"\n<div class=\"wp-block-cover alignfull wp-duotone-unset-1\" style=\"margin-top:0;padding-top:6vw;padding-right:6vw;padding-bottom:6vw;padding-left:6vw\"><img loading=\"lazy\" decoding=\"async\" width=\"1525\" height=\"821\" class=\"wp-block-cover__image-background wp-image-2665 size-full\" alt=\"\" src=\"https:\/\/lifeplatforma-staging.needit.lv\/wp-content\/uploads\/2025\/12\/8ebfffd5cf60f7d8e9148c453e2c7b7a.jpg\" data-object-fit=\"cover\" \/><span aria-hidden=\"true\" class=\"wp-block-cover__background has-background-dim\"><\/span><div class=\"wp-block-cover__inner-container is-layout-flow wp-block-cover-is-layout-flow\">\n<div class=\"wp-block-group alignwide has-buttons-text-color has-accent-background-color has-text-color has-background has-link-color wp-elements-e98f60eb57dcd6346e1ccb978dc8d8e3 wp-container-content-ceb7f5b3 is-vertical is-content-justification-center is-nowrap is-layout-flex wp-container-core-group-is-layout-a1a87ccb wp-block-group-is-layout-flex\">\n<div style=\"height:0px\" aria-hidden=\"true\" class=\"wp-block-spacer wp-container-content-4a03de8f\"><\/div>\n\n\n\n<h2 class=\"wp-block-heading alignwide has-text-align-left\" style=\"font-size:64px;font-style:normal;font-weight:700;line-height:0.9;text-transform:none\">Kas ir LIFE?<\/h2>\n\n\n\n<div style=\"height:0px\" aria-hidden=\"true\" class=\"wp-block-spacer wp-container-content-4a03de8f\"><\/div>\n\n\n\n<p class=\"has-text-align-left\">LIFE programma ir Eiropas Komisijas finan\u0161u instruments vides un klimata jom\u0101, ar m\u0113r\u0137i veicin\u0101t, aktualiz\u0113t, att\u012bst\u012bt un \u012bstenot ES vides un klimata politiku, l\u012bdzfinans\u0113jot projektus ar Eiropas pievienoto v\u0113rt\u012bbu.<\/p>\n\n\n\n<div style=\"height:0px\" aria-hidden=\"true\" class=\"wp-block-spacer wp-container-content-8e98ba44\"><\/div>\n\n\n\n<figure class=\"wp-block-embed is-type-rich is-provider-embed-handler wp-block-embed-embed-handler wp-embed-aspect-16-9 wp-has-aspect-ratio\"><div class=\"wp-block-embed__wrapper\">\n<iframe loading=\"lazy\" title=\"LIFE programma - piem\u0113rs, k\u0101 LIFE finans\u0113jumu var izmantot nevalstisk\u0101s organiz\u0101cijas.\" width=\"580\" height=\"326\" src=\"https:\/\/www.youtube.com\/embed\/n1tL-UXRI6g?feature=oembed\" frameborder=\"0\" allow=\"accelerometer; autoplay; clipboard-write; encrypted-media; gyroscope; picture-in-picture; web-share\" referrerpolicy=\"strict-origin-when-cross-origin\" allowfullscreen><\/iframe>\n<\/div><\/figure>\n<\/div>\n<\/div><\/div>\n","protected":false},"excerpt":{"rendered":"","protected":false},"author":1,"featured_media":0,"parent":0,"menu_order":0,"comment_status":"closed","ping_status":"closed","template":"","meta":{"footnotes":""},"class_list":["post-2664","page","type-page","status-publish","has-post-thumbnail","hentry"],"_links":{"self":[{"href":"https:\/\/lifeplatforma-staging.needit.lv\/lv\/wp-json\/wp\/v2\/pages\/2664","targetHints":{"allow":["GET"]}}],"collection":[{"href":"https:\/\/lifeplatforma-staging.needit.lv\/lv\/wp-json\/wp\/v2\/pages"}],"about":[{"href":"https:\/\/lifeplatforma-staging.needit.lv\/lv\/wp-json\/wp\/v2\/types\/page"}],"author":[{"embeddable":true,"href":"https:\/\/lifeplatforma-staging.needit.lv\/lv\/wp-json\/wp\/v2\/users\/1"}],"replies":[{"embeddable":true,"href":"https:\/\/lifeplatforma-staging.needit.lv\/lv\/wp-json\/wp\/v2\/comments?post=2664"}],"version-history":[{"count":10,"href":"https:\/\/lifeplatforma-staging.needit.lv\/lv\/wp-json\/wp\/v2\/pages\/2664\/revisions"}],"predecessor-version":[{"id":3748,"href":"https:\/\/lifeplatforma-staging.needit.lv\/lv\/wp-json\/wp\/v2\/pages\/2664\/revisions\/3748"}],"wp:attachment":[{"href":"https:\/\/lifeplatforma-staging.needit.lv\/lv\/wp-json\/wp\/v2\/media?parent=2664"}],"curies":[{"name":"wp","href":"https:\/\/api.w.org\/{rel}","templated":true}]}}