{"id":3207,"date":"2025-12-17T10:41:22","date_gmt":"2025-12-17T08:41:22","guid":{"rendered":"http:\/\/localhost:8080\/lv\/projektu-pieteicejiem\/"},"modified":"2026-02-10T13:25:35","modified_gmt":"2026-02-10T11:25:35","slug":"projektu-pieteicejiem","status":"publish","type":"page","link":"https:\/\/lifeplatforma-staging.needit.lv\/lv\/projektu-pieteicejiem\/","title":{"rendered":"Projektu pieteic\u0113jiem"},"content":{"rendered":"\n<div data-wp-context=\"{ &quot;autoclose&quot;: false, &quot;accordionItems&quot;: [] }\" data-wp-interactive=\"core\/accordion\" role=\"group\" class=\"wp-block-accordion is-layout-flow wp-block-accordion-is-layout-flow\">\n<div data-wp-class--is-open=\"state.isOpen\" data-wp-context=\"{ &quot;id&quot;: &quot;accordion-item-1&quot;, &quot;openByDefault&quot;: false }\" data-wp-init=\"callbacks.initAccordionItems\" data-wp-on-window--hashchange=\"callbacks.hashChange\" class=\"wp-block-accordion-item is-layout-flow wp-block-accordion-item-is-layout-flow\">\n<h3 class=\"wp-block-accordion-heading\"><button aria-expanded=\"false\" aria-controls=\"accordion-item-1-panel\" data-wp-bind--aria-expanded=\"state.isOpen\" data-wp-on--click=\"actions.toggle\" data-wp-on--keydown=\"actions.handleKeyDown\" id=\"accordion-item-1\" type=\"button\" class=\"wp-block-accordion-heading__toggle\"><span class=\"wp-block-accordion-heading__toggle-title\">LIFE programmas finans\u0113jums<\/span><span class=\"wp-block-accordion-heading__toggle-icon\" aria-hidden=\"true\">+<\/span><\/button><\/h3>\n\n\n\n<div inert aria-labelledby=\"accordion-item-1\" data-wp-bind--inert=\"!state.isOpen\" id=\"accordion-item-1-panel\" role=\"region\" class=\"wp-block-accordion-panel is-layout-flow wp-block-accordion-panel-is-layout-flow\">\n<p>2021. gad\u0101 tika aizs\u0101kts jauns LIFE programmas finans\u0113\u0161anas periods no 2021. gada l\u012bdz 2024. gadam. Eiropas Komisija (EK) apstiprin\u0101ja ar\u012b jauno <a href=\"https:\/\/ej.uz\/mawp2021\">daudzgadu darba programmu<\/a> LIFE programmas m\u0113r\u0137u \u012bsteno\u0161anai 2021.\u20132024. gadam. \u0160aj\u0101 dokument\u0101 ir noteiktas LIFE programmas vides un klimata apak\u0161programmu priorit\u0101r\u0101s jomas, kas atbalst\u0101mas, \u012bstenojot LIFE projektus.<\/p>\n\n\n\n<p>L\u012bdz ar jauno finans\u0113\u0161anas periodu un saisto\u0161ajiem dokumentiem, LIFE programm\u0101, s\u0101kot ar 2021. gadu, tika ieviesti vair\u0101ki jaunin\u0101jumi, tostarp:&nbsp;<\/p>\n\n\n\n<ul class=\"wp-block-list\">\n<li>L\u012bdz 2020.g. izmantoto <em>eProposal<\/em> sist\u0113mu aizst\u0101j <a href=\"https:\/\/ec.europa.eu\/info\/funding-tenders\/opportunities\/portal\/screen\/programmes\/life2027\"><em>Funding &#038; tender opportunities<\/em><\/a> port\u0101ls, kur\u0101 iesp\u0113jams ne tikai iesniegt projekta pieteikumu, bet ar\u012b iepaz\u012bties ar visu saisto\u0161o inform\u0101ciju un dokumentiem katr\u0101 no priorit\u0101raj\u0101m jom\u0101m;<\/li>\n\n\n\n<li>Tradicion\u0101lo projektu iesniedz\u0113jiem ir j\u0101gatavo pilns&nbsp; projekta pieteikums \u2013 koncepcijas \u0161aj\u0101 uzsaukum\u0101 nav j\u0101iesniedz;<\/li>\n\n\n\n<li>Kopum\u0101 izsludin\u0101ta pieteik\u0161an\u0101s 34 jom\u0101s \u2013 nosac\u012bjumi un iesnieg\u0161anas termi\u0146i \u2013 da\u017e\u0101di;<\/li>\n\n\n\n<li>Projekta pieteikumam ir ierobe\u017eots lapu skaits;<\/li>\n\n\n\n<li>Noteikts tradicion\u0101lo projektu \u012bsteno\u0161anas termi\u0146\u0161 \u2013 l\u012bdz 10 gadiem;<\/li>\n\n\n\n<li>Iesp\u0113ja piesaist\u012bt br\u012bvpr\u0101t\u012bgo darbu.<\/li>\n<\/ul>\n\n\n\n<p>Kop\u0161 2022. gad\u0101 ieviestaj\u0101m p\u0101rmai\u0146\u0101m, LIFE programm\u0101 saglab\u0101jas divas galven\u0101s apak\u0161programmas \u2013 vide un klimats, tom\u0113r main\u012bju\u0161\u0101s taj\u0101s ietvert\u0101s priorit\u0101r\u0101s jomas. LIFE programmu kop\u0161 2021. gada papildina ar\u012b \u201cP\u0101reja uz t\u012bru ener\u0123iju\u201d priorit\u0101r\u0101 joma, kas ietilpst klimata apak\u0161programm\u0101.&nbsp;<\/p>\n\n\n\n<p>LIFE programmas iedal\u012bjums:<\/p>\n\n\n\n<ul class=\"wp-block-list\">\n<li>Vide\n<ul class=\"wp-block-list\">\n<li>Daba un biolo\u0123isk\u0101 daudzveid\u012bba;<\/li>\n\n\n\n<li>Aprites ekonomika un dz\u012bves kvalit\u0101te;<\/li>\n<\/ul>\n<\/li>\n\n\n\n<li>Klimats\n<ul class=\"wp-block-list\">\n<li>Klimata p\u0101rmai\u0146u mazin\u0101\u0161ana un piel\u0101go\u0161an\u0101s klimata p\u0101rmai\u0146\u0101m;<\/li>\n\n\n\n<li>P\u0101reja uz t\u012bru ener\u0123iju.<\/li>\n<\/ul>\n<\/li>\n<\/ul>\n\n\n\n<p>Projektu pieteikumu iesnieg\u0161ana notiek <a href=\"https:\/\/ec.europa.eu\/info\/funding-tenders\/opportunities\/portal\/screen\/programmes\/life2027\"><em>Funding &#038; tender <\/em><\/a>port\u0101l\u0101. <\/p>\n<\/div>\n<\/div>\n<\/div>\n\n\n\n<div data-wp-context=\"{ &quot;autoclose&quot;: false, &quot;accordionItems&quot;: [] }\" data-wp-interactive=\"core\/accordion\" role=\"group\" class=\"wp-block-accordion is-layout-flow wp-block-accordion-is-layout-flow\">\n<div data-wp-class--is-open=\"state.isOpen\" data-wp-context=\"{ &quot;id&quot;: &quot;accordion-item-2&quot;, &quot;openByDefault&quot;: false }\" data-wp-init=\"callbacks.initAccordionItems\" data-wp-on-window--hashchange=\"callbacks.hashChange\" class=\"wp-block-accordion-item is-layout-flow wp-block-accordion-item-is-layout-flow\">\n<h3 class=\"wp-block-accordion-heading\"><button aria-expanded=\"false\" aria-controls=\"accordion-item-2-panel\" data-wp-bind--aria-expanded=\"state.isOpen\" data-wp-on--click=\"actions.toggle\" data-wp-on--keydown=\"actions.handleKeyDown\" id=\"accordion-item-2\" type=\"button\" class=\"wp-block-accordion-heading__toggle\"><span class=\"wp-block-accordion-heading__toggle-title\">LIFE nacion\u0101lais l\u012bdzfinans\u0113jums<\/span><span class=\"wp-block-accordion-heading__toggle-icon\" aria-hidden=\"true\">+<\/span><\/button><\/h3>\n\n\n\n<div inert aria-labelledby=\"accordion-item-2\" data-wp-bind--inert=\"!state.isOpen\" id=\"accordion-item-2-panel\" role=\"region\" class=\"wp-block-accordion-panel is-layout-flow wp-block-accordion-panel-is-layout-flow\">\n<p>Pieteik\u0161an\u0101s nacion\u0101l\u0101 l\u012bdzfinans\u0113juma sa\u0146em\u0161anai notiek saska\u0146\u0101 ar Eiropas Savien\u012bbas vides un klimata pas\u0101kumu programmas LIFE projektu nacion\u0101l\u0101 l\u012bdzfinans\u0113juma pie\u0161\u0137ir\u0161anas nolikumu t\u0101 jaunaj\u0101 redakcij\u0101 (apstiprin\u0101ts 30.07.2025.).<\/p>\n\n\n\n<p>2024. gad\u0101 Eiropas Komisijas LIFE projektu uzsaukum\u0101 iesniegtajiem projektiem kop\u0113jais pieejamais nacion\u0101lais l\u012bdzfinans\u0113jums ir 28 268 898 EUR.<\/p>\n\n\n\n<p>Nacion\u0101l\u0101 l\u012bdzfinans\u0113juma sa\u0146em\u0161anai, iesniedzot pieteikumu nolikum\u0101 noteiktaj\u0101 k\u0101rt\u012bb\u0101, var pieteikties Latvij\u0101 re\u0123istr\u0113ta juridiska persona, kuras iesniegtais projekts ir iek\u013cauts Eiropas Komisijas 2024. gada LIFE projektu uzsaukuma potenci\u0101li l\u012bdzfinans\u0113jamo projektu sarakst\u0101.<\/p>\n\n\n\n<p>Visiem interesentiem, kas v\u0113las pieteikties nacion\u0101lajam l\u012bdzfinans\u0113jumam ir iesp\u0113ja to dar\u012bt nolikum\u0101 paredz\u0113taj\u0101 proced\u016br\u0101.<\/p>\n\n\n\n<p><strong>Dokumenti:<\/strong><\/p>\n\n\n\n<ul class=\"wp-block-list\">\n<li><a href=\"https:\/\/www.varam.gov.lv\/lv\/media\/45155\/download?attachment\">Nacion\u0101l\u0101 l\u012bdzfinans\u0113juma nolikums<\/a>&nbsp;[nolikuma iepriek\u0161\u0113j\u0101 versija ar labojumiem &#8211;&nbsp;<a href=\"https:\/\/www.varam.gov.lv\/lv\/media\/45170\/download?attachment\">nolikums<\/a>]<\/li>\n\n\n\n<li><a href=\"https:\/\/www.varam.gov.lv\/lv\/media\/45158\/download?attachment\">Pielikums 1<\/a><\/li>\n\n\n\n<li><a href=\"https:\/\/www.varam.gov.lv\/lv\/media\/45161\/download?attachment\">Pielikums 2<\/a>&nbsp;[pielikuma&nbsp;iepriek\u0161\u0113j\u0101 versija ar labojumiem &#8211;&nbsp;<a href=\"https:\/\/www.varam.gov.lv\/lv\/media\/45167\/download?attachment\">pielikums<\/a>]<\/li>\n<\/ul>\n\n\n\n<p>Inform\u0101cija par nacion\u0101lo finans\u0113jumu pieejama&nbsp;rakstot uz:&nbsp;<a href=\"mailto:life@varam.gov.lv\">life@varam.gov.lv<\/a><\/p>\n\n\n\n<p>Nacion\u0101l\u0101 finans\u0113juma sa\u0146\u0113m\u0113jiem j\u0101iev\u0113ro&nbsp;<a href=\"https:\/\/www.varam.gov.lv\/lv\/media\/43787\/download?attachment\" rel=\"noreferrer noopener\" target=\"_blank\">Publicit\u0101tes vadl\u012bnijas nacion\u0101l\u0101 finans\u0113juma sa\u0146\u0113m\u0113jiem Eiropas Savien\u012bbas vides un klimata pas\u0101kumu programmas LIFE projektu ietvaros.<\/a>&nbsp;<\/p>\n\n\n\n<h5 class=\"wp-block-heading\">Aktu\u0101l\u0101 inform\u0101cija par LIFE programmas nacion\u0101l\u0101 l\u012bdzfinans\u0113juma administr\u0113\u0161anu&nbsp;<\/h5>\n\n\n\n<p>Inform\u0113jam, ka no 2025. gada 1. janv\u0101ra Vied\u0101s administr\u0101cijas un re\u0123ion\u0101l\u0101s att\u012bst\u012bbas ministrija (turpm\u0101k &#8211; VARAM) no Valsts digit\u0101l\u0101s att\u012bst\u012bbas a\u0123ent\u016bras p\u0101r\u0146em LIFE nacion\u0101l\u0101 finans\u0113juma administr\u0113\u0161anas pien\u0101kumus. Turpm\u0101kai sazi\u0146ai par LIFE projektu nacion\u0101lo l\u012bdzfinans\u0113jumu un ar to saist\u012btiem jaut\u0101jumiem, LIFE projektu ievies\u0113jiem vai sagatavot\u0101jiem j\u0101izmanto VARAM ofici\u0101l\u0101 e-pasta adrese:&nbsp;<a href=\"mailto:pasts@varam.gov.lv\">pasts@varam.gov.lv<\/a>.&nbsp;<\/p>\n\n\n\n<p>Par steidzamiem jaut\u0101jumiem, kas skar iepriek\u0161 apstiprin\u0101tos LIFE nacion\u0101l\u0101 l\u012bdzfinans\u0113juma projektus (uzraudz\u012bbu, atskaites, groz\u012bjumus l\u012bgum\u0101, u.c.), l\u016bgums v\u0113rsties pie Invest\u012bciju uzraudz\u012bbas departamenta direktora Imanta Kl\u0101va (<a href=\"mailto:imants.klavs@varam.gov.lv\">imants.klavs@varam.gov.lv<\/a>).&nbsp;<\/p>\n\n\n\n<p>Projektu pieteic\u0113jus, kuri piedal\u012bj\u0101s 2024. gada LIFE programmas uzsaukum\u0101, inform\u0113jam, ka nacion\u0101l\u0101 l\u012bdzfinans\u0113juma nolikums v\u0113l ir izstr\u0101des proces\u0101. Aicin\u0101m sekot l\u012bdzi jaunumiem LIFE atbalsta vien\u012bbas soci\u0101lo t\u012bklu kontos.&nbsp;<\/p>\n\n\n\n<p>Tie, kuri v\u0113l tikai gatavo projektu pieteikumus, lai start\u0113tu apr\u012bl\u012b gaid\u0101maj\u0101 LIFE programmas uzsaukum\u0101, aicin\u0101ti konsult\u0113ties pie LIFE atbalsta vien\u012bbas ekspertiem.&nbsp;<\/p>\n<\/div>\n<\/div>\n<\/div>\n","protected":false},"excerpt":{"rendered":"","protected":false},"author":1,"featured_media":3208,"parent":0,"menu_order":0,"comment_status":"closed","ping_status":"closed","template":"","meta":{"footnotes":""},"class_list":["post-3207","page","type-page","status-publish","has-post-thumbnail","hentry"],"_links":{"self":[{"href":"https:\/\/lifeplatforma-staging.needit.lv\/lv\/wp-json\/wp\/v2\/pages\/3207","targetHints":{"allow":["GET"]}}],"collection":[{"href":"https:\/\/lifeplatforma-staging.needit.lv\/lv\/wp-json\/wp\/v2\/pages"}],"about":[{"href":"https:\/\/lifeplatforma-staging.needit.lv\/lv\/wp-json\/wp\/v2\/types\/page"}],"author":[{"embeddable":true,"href":"https:\/\/lifeplatforma-staging.needit.lv\/lv\/wp-json\/wp\/v2\/users\/1"}],"replies":[{"embeddable":true,"href":"https:\/\/lifeplatforma-staging.needit.lv\/lv\/wp-json\/wp\/v2\/comments?post=3207"}],"version-history":[{"count":20,"href":"https:\/\/lifeplatforma-staging.needit.lv\/lv\/wp-json\/wp\/v2\/pages\/3207\/revisions"}],"predecessor-version":[{"id":4495,"href":"https:\/\/lifeplatforma-staging.needit.lv\/lv\/wp-json\/wp\/v2\/pages\/3207\/revisions\/4495"}],"wp:featuredmedia":[{"embeddable":true,"href":"https:\/\/lifeplatforma-staging.needit.lv\/lv\/wp-json\/wp\/v2\/media\/3208"}],"wp:attachment":[{"href":"https:\/\/lifeplatforma-staging.needit.lv\/lv\/wp-json\/wp\/v2\/media?parent=3207"}],"curies":[{"name":"wp","href":"https:\/\/api.w.org\/{rel}","templated":true}]}}