{"id":3664,"date":"2025-12-17T11:58:39","date_gmt":"2025-12-17T09:58:39","guid":{"rendered":"http:\/\/localhost:8080\/lv\/par-life\/"},"modified":"2026-02-10T13:26:43","modified_gmt":"2026-02-10T11:26:43","slug":"kas-ir-life","status":"publish","type":"page","link":"https:\/\/lifeplatforma-staging.needit.lv\/lv\/kas-ir-life\/","title":{"rendered":"Par LIFE"},"content":{"rendered":"\n<p>LIFE programma ir Eiropas Komisijas (EK) finan\u0161u instruments vides kvalit\u0101tes un klimata p\u0101rmai\u0146u inovat\u012bvu un ilgtsp\u0113j\u012bgu uzlabojumu veik\u0161anai.&nbsp;<\/p>\n\n\n\n<p>Galvenais LIFE programmas m\u0113r\u0137is ir veicin\u0101t Eiropas Savien\u012bbas (ES) vides un klimata politikas \u012bsteno\u0161anu, att\u012bst\u012bbu un aktualiz\u0113\u0161anu, pie\u0161\u0137irot l\u012bdzfinans\u0113jumu projektiem, kas atbilst LIFE programmas m\u0113r\u0137iem un rada papildus pievienoto v\u0113rt\u012bbu ES. Uz programmu attiecas Eiropas Parlamenta un Padomes regula&nbsp;<a href=\"https:\/\/eur-lex.europa.eu\/legal-content\/LV\/TXT\/?uri=CELEX:32013R1293\" rel=\"noreferrer noopener\" target=\"_blank\">(ES Nr. 1293\/2013)<\/a>&nbsp;par vides un klimata pas\u0101kumu programmas (LIFE) izveidi.&nbsp;<\/p>\n\n\n\n<p>LIFE programmas finans\u0113\u0161anas period\u0101 no 2025. &#8211; 2027. gadam kop\u0113jais pieejamo invest\u012bciju apm\u0113rs ir 2.3 miljardi eiro. Apstiprin\u0101to projektu realiz\u0101cijai pieejams ar\u012b Nacion\u0101lais l\u012bdzfinans\u0113jums.&nbsp;<\/p>\n\n\n\n<div data-wp-context=\"{ &quot;autoclose&quot;: false, &quot;accordionItems&quot;: [] }\" data-wp-interactive=\"core\/accordion\" role=\"group\" class=\"wp-block-accordion is-layout-flow wp-block-accordion-is-layout-flow\">\n<div data-wp-class--is-open=\"state.isOpen\" data-wp-context=\"{ &quot;id&quot;: &quot;accordion-item-1&quot;, &quot;openByDefault&quot;: false }\" data-wp-init=\"callbacks.initAccordionItems\" data-wp-on-window--hashchange=\"callbacks.hashChange\" class=\"wp-block-accordion-item is-layout-flow wp-block-accordion-item-is-layout-flow\">\n<h3 class=\"wp-block-accordion-heading\"><button aria-expanded=\"false\" aria-controls=\"accordion-item-1-panel\" data-wp-bind--aria-expanded=\"state.isOpen\" data-wp-on--click=\"actions.toggle\" data-wp-on--keydown=\"actions.handleKeyDown\" id=\"accordion-item-1\" type=\"button\" class=\"wp-block-accordion-heading__toggle\"><span class=\"wp-block-accordion-heading__toggle-title\">2025. gada LIFE programmas uzsaukums<\/span><span class=\"wp-block-accordion-heading__toggle-icon\" aria-hidden=\"true\">+<\/span><\/button><\/h3>\n\n\n\n<div inert aria-labelledby=\"accordion-item-1\" data-wp-bind--inert=\"!state.isOpen\" id=\"accordion-item-1-panel\" role=\"region\" class=\"wp-block-accordion-panel is-layout-flow wp-block-accordion-panel-is-layout-flow\">\n<p>2025. gada 25. apr\u012bl\u012b Eiropas Komisija (EK) ir izsludin\u0101jusi pieteik\u0161anos LIFE programmas projektu konkursam. \u0160\u012b gada uzsaukum\u0101 projektu pieteic\u0113jiem pieejamais kop\u0113jais l\u012bdzfinans\u0113juma apjoms sasniedz 600 miljonus eiro.&nbsp;<\/p>\n\n\n\n<p>Projektu pieteic\u0113ji ir aicin\u0101ti iesniegt pilnus projektu pieteikumus \u010detr\u0101s apak\u0161programm\u0101s:&nbsp;<\/p>\n\n\n\n<ul class=\"wp-block-list\">\n<li>Daba un biolo\u0123isk\u0101 daudzveid\u012bba;&nbsp;&nbsp;<\/li>\n\n\n\n<li>Aprites ekonomika un dz\u012bves kvalit\u0101te;&nbsp;<\/li>\n<\/ul>\n\n\n\n<ul class=\"wp-block-list\">\n<li>P\u0101reja uz t\u012bru ener\u0123iju;<\/li>\n\n\n\n<li>Klimata p\u0101rmai\u0146u mazin\u0101\u0161ana un piel\u0101go\u0161an\u0101s klimata p\u0101rmai\u0146\u0101m.&nbsp;<\/li>\n<\/ul>\n\n\n\n<p>Vis\u0101s apak\u0161programm\u0101s pilns projekta pieteikums j\u0101iesniedz l\u012bdz 23. septembrim.&nbsp;<\/p>\n\n\n\n<p>Projektu pieteikumu iesnieg\u0161ana notiek&nbsp;<a href=\"https:\/\/ec.europa.eu\/info\/funding-tenders\/opportunities\/portal\/screen\/opportunities\/topic-search;callCode=null;freeTextSearchKeyword=;matchWholeText=true;typeCodes=1,0;statusCodes=31094501,31094502;programmePeriod=2021%20-%202027;programCcm2Id=43252405;programDivisionCode=null;focusAreaCode=null;destinationGroup=null;missionGroup=null;geographicalZonesCode=null;programmeDivisionProspect=null;startDateLte=null;startDateGte=null;crossCuttingPriorityCode=null;cpvCode=null;performanceOfDelivery=null;sortQuery=sortStatus;orderBy=asc;onlyTenders=false;topicListKey=topicSearchTablePageState\" rel=\"noreferrer noopener\" target=\"_blank\">Funding &#038; tender opportunities<\/a>&nbsp;port\u0101l\u0101.&nbsp;&nbsp;<\/p>\n\n\n\n<p>Papildus inform\u0101cija par jauno uzsaukumu pieejama<a href=\"https:\/\/cinea.ec.europa.eu\/news-events\/news\/life-calls-proposals-2025-claim-your-share-eu600-million-and-help-create-sustainable-future-europe-2025-04-24_en\" rel=\"noreferrer noopener\" target=\"_blank\">&nbsp;\u0161eit.<\/a>&nbsp;<\/p>\n\n\n\n<p>No<a href=\"https:\/\/cinea.ec.europa.eu\/news-events\/events\/eulife25-info-days-2025-05-13_en#:~:text=CINEA%252520will%252520host%252520the%252520%252523EULife25,portal%252520on%25252024%252520April%2525202025.\" target=\"_blank\" rel=\"noreferrer noopener\">&nbsp;13.-15. maijam notiks EK organiz\u0113t\u0101s LIFE INFO dienas,<\/a>&nbsp;kuru ietvaros tiks sniegts padzi\u013cin\u0101ts ieskats \u0161\u012b gada uzsaukum\u0101.&nbsp;<\/p>\n<\/div>\n<\/div>\n<\/div>\n\n\n\n<div data-wp-context=\"{ &quot;autoclose&quot;: false, &quot;accordionItems&quot;: [] }\" data-wp-interactive=\"core\/accordion\" role=\"group\" class=\"wp-block-accordion is-layout-flow wp-block-accordion-is-layout-flow\">\n<div data-wp-class--is-open=\"state.isOpen\" data-wp-context=\"{ &quot;id&quot;: &quot;accordion-item-2&quot;, &quot;openByDefault&quot;: false }\" data-wp-init=\"callbacks.initAccordionItems\" data-wp-on-window--hashchange=\"callbacks.hashChange\" class=\"wp-block-accordion-item is-layout-flow wp-block-accordion-item-is-layout-flow\">\n<h3 class=\"wp-block-accordion-heading\"><button aria-expanded=\"false\" aria-controls=\"accordion-item-2-panel\" data-wp-bind--aria-expanded=\"state.isOpen\" data-wp-on--click=\"actions.toggle\" data-wp-on--keydown=\"actions.handleKeyDown\" id=\"accordion-item-2\" type=\"button\" class=\"wp-block-accordion-heading__toggle\"><span class=\"wp-block-accordion-heading__toggle-title\">Kas var pieteikties atbalstam?&nbsp;<\/span><span class=\"wp-block-accordion-heading__toggle-icon\" aria-hidden=\"true\">+<\/span><\/button><\/h3>\n\n\n\n<div inert aria-labelledby=\"accordion-item-2\" data-wp-bind--inert=\"!state.isOpen\" id=\"accordion-item-2-panel\" role=\"region\" class=\"wp-block-accordion-panel is-layout-flow wp-block-accordion-panel-is-layout-flow\">\n<p>Uz LIFE finans\u0113jumu, iesniedzot projektu pieteikumus, var pretend\u0113t jebkura juridisk\u0101 persona \u2013 uz\u0146\u0113m\u0113ji, pa\u0161vald\u012bbas, nevalstisk\u0101s organiz\u0101cijas \u2013 kas pl\u0101no veikt inovat\u012bvus un ilgtsp\u0113j\u012bgus uzlabojumus k\u0101d\u0101 no LIFE apak\u0161programm\u0101m.&nbsp;<\/p>\n\n\n\n<p>Eiropas Komisija (EK) ir apstiprin\u0101jusi jauno<a href=\"https:\/\/cinea.ec.europa.eu\/programmes\/life\/life-legal-basis_en\" rel=\"noreferrer noopener\" target=\"_blank\">&nbsp;daudzgadu darba programmu LIFE programmas m\u0113r\u0137u \u012bsteno\u0161anai 2025.-2027. gadam<\/a>.&nbsp; \u0160aj\u0101 dokument\u0101 ir noteiktas LIFE programmas vides un klimata apak\u0161programmu priorit\u0101r\u0101s jomas, kas atbalst\u0101mas, \u012bstenojot LIFE projektus.&nbsp;<\/p>\n\n\n\n<p>L\u012bdz\u012bgi k\u0101 iepriek\u0161\u0113jos periodos, LIFE programm\u0101 saglab\u0101jas divas galven\u0101s apak\u0161programmas &#8211; vide un klimats, tom\u0113r main\u012bju\u0161\u0101s taj\u0101s ietvert\u0101s priorit\u0101r\u0101s jomas. LIFE programmu kop\u0161 2021. gada papildina ar\u012b \u201cP\u0101reja uz t\u012bru ener\u0123iju\u201d priorit\u0101r\u0101 joma, kas ietilpst klimata apak\u0161programm\u0101.&nbsp;<\/p>\n\n\n\n<p>Inform\u0101cija par programmas nosac\u012bjumiem, nacion\u0101lo l\u012bdzfinans\u0113jumu, pieteik\u0161an\u0101s k\u0101rt\u012bbu, pl\u0101notajiem semin\u0101riem un konsult\u0101cij\u0101m, pieejama rakstot uz:&nbsp;<a href=\"mailto:life@varam.gov.lv\">life@varam.gov.lv<\/a>&nbsp;<\/p>\n\n\n\n<p>LIFE programma Latvij\u0101 darbojas no 2001.gada un ar t\u0101s atbalstu veiksm\u012bgi realiz\u0113ti vair\u0101k nek\u0101 60 projekti.&nbsp;<\/p>\n<\/div>\n<\/div>\n<\/div>\n\n\n\n<div data-wp-context=\"{ &quot;autoclose&quot;: false, &quot;accordionItems&quot;: [] }\" data-wp-interactive=\"core\/accordion\" role=\"group\" class=\"wp-block-accordion is-layout-flow wp-block-accordion-is-layout-flow\">\n<div data-wp-class--is-open=\"state.isOpen\" data-wp-context=\"{ &quot;id&quot;: &quot;accordion-item-3&quot;, &quot;openByDefault&quot;: false }\" data-wp-init=\"callbacks.initAccordionItems\" data-wp-on-window--hashchange=\"callbacks.hashChange\" class=\"wp-block-accordion-item is-layout-flow wp-block-accordion-item-is-layout-flow\">\n<h3 class=\"wp-block-accordion-heading\"><button aria-controls=\"accordion-item-3-panel\" data-wp-bind--aria-expanded=\"state.isOpen\" data-wp-on--click=\"actions.toggle\" data-wp-on--keydown=\"actions.handleKeyDown\" id=\"accordion-item-3\" type=\"button\" class=\"wp-block-accordion-heading__toggle\"><span class=\"wp-block-accordion-heading__toggle-title\">Noder\u012bgi materi\u0101li<\/span><span class=\"wp-block-accordion-heading__toggle-icon\" aria-hidden=\"true\">+<\/span><\/button><\/h3>\n\n\n\n<div aria-labelledby=\"accordion-item-3\" data-wp-bind--inert=\"!state.isOpen\" id=\"accordion-item-3-panel\" role=\"region\" class=\"wp-block-accordion-panel is-layout-flow wp-block-accordion-panel-is-layout-flow\">\n\n<p><a href=\"https:\/\/dashboard.tech.ec.europa.eu\/qs_digit_dashboard_mt\/public\/sense\/app\/8298c020-48a6-4b84-91f4-f6f2665c0f99\/overview\" target=\"_blank\" rel=\"noreferrer noopener\">LIFE projektu publisk\u0101 datub\u0101ze<\/a><\/p>\n\n\n<p><a href=\"https:\/\/cinea.ec.europa.eu\/programmes\/life_en\" target=\"_blank\" rel=\"noreferrer noopener\">Eiropas Komisijas LIFE m\u0101jaslapa<\/a><\/p>\n\n\n<p><a href=\"https:\/\/www.youtube.com\/LIFEprogrammeEU\" target=\"_blank\" rel=\"noreferrer noopener\">Eiropas Komisijas LIFE programmas semin\u0101ru un INFO dienu ieraksti<\/a><\/p>\n\n<\/div>\n<\/div>\n","protected":false},"excerpt":{"rendered":"<p>LIFE programma ir Eiropas Komisijas (EK) finan\u0161u instruments vides kvalit\u0101tes un klimata p\u0101rmai\u0146u inovat\u012bvu un ilgtsp\u0113j\u012bgu uzlabojumu veik\u0161anai.&nbsp; Galvenais LIFE programmas m\u0113r\u0137is ir veicin\u0101t Eiropas Savien\u012bbas (ES) vides&hellip;<\/p>\n","protected":false},"author":1,"featured_media":0,"parent":0,"menu_order":0,"comment_status":"closed","ping_status":"closed","template":"","meta":{"footnotes":""},"class_list":["post-3664","page","type-page","status-publish","has-post-thumbnail","hentry"],"_links":{"self":[{"href":"https:\/\/lifeplatforma-staging.needit.lv\/lv\/wp-json\/wp\/v2\/pages\/3664","targetHints":{"allow":["GET"]}}],"collection":[{"href":"https:\/\/lifeplatforma-staging.needit.lv\/lv\/wp-json\/wp\/v2\/pages"}],"about":[{"href":"https:\/\/lifeplatforma-staging.needit.lv\/lv\/wp-json\/wp\/v2\/types\/page"}],"author":[{"embeddable":true,"href":"https:\/\/lifeplatforma-staging.needit.lv\/lv\/wp-json\/wp\/v2\/users\/1"}],"replies":[{"embeddable":true,"href":"https:\/\/lifeplatforma-staging.needit.lv\/lv\/wp-json\/wp\/v2\/comments?post=3664"}],"version-history":[{"count":6,"href":"https:\/\/lifeplatforma-staging.needit.lv\/lv\/wp-json\/wp\/v2\/pages\/3664\/revisions"}],"predecessor-version":[{"id":4503,"href":"https:\/\/lifeplatforma-staging.needit.lv\/lv\/wp-json\/wp\/v2\/pages\/3664\/revisions\/4503"}],"wp:attachment":[{"href":"https:\/\/lifeplatforma-staging.needit.lv\/lv\/wp-json\/wp\/v2\/media?parent=3664"}],"curies":[{"name":"wp","href":"https:\/\/api.w.org\/{rel}","templated":true}]}}