{"id":4372,"date":"2025-12-18T15:58:51","date_gmt":"2025-12-18T13:58:51","guid":{"rendered":"http:\/\/localhost:8080\/lv\/kontakti\/"},"modified":"2026-02-10T12:41:01","modified_gmt":"2026-02-10T10:41:01","slug":"kontakti","status":"publish","type":"page","link":"https:\/\/lifeplatforma-staging.needit.lv\/lv\/kontakti\/","title":{"rendered":"Kontakti"},"content":{"rendered":"\n<p><strong>Adrese: Doma laukums 8a, R\u012bga, LV-1494, Latvija\u00a0<\/strong><\/p>\n\n\n\n<p>E-pasts:&nbsp;<a href=\"mailto:life@varam.gov.lv\" rel=\"noreferrer noopener\" target=\"_blank\">life@varam.gov.lv<\/a>&nbsp;<\/p>\n\n\n\n<p>Konsult\u0101cijas par LIFE programmu pieejamas katru darba dienu no 8:30-17:00, iepriek\u0161 piesakoties vai nu zvanot, vai s\u016btot e-pastu.&nbsp;<br>&nbsp;<\/p>\n\n\n\n<p>J\u0101nis V\u0113bers &#8211; projekta koordinators (VARAM)&nbsp;<br>E-pasts:&nbsp;<a href=\"mailto:janis.vebers@varam.gov.lv\">janis.vebers@varam.gov.lv<\/a>&nbsp;<br>Mob.tel:&nbsp;<a href=\"tel:+371 25420284\">+371 25420284<\/a>&nbsp;<br>&nbsp;<\/p>\n\n\n\n<p>Madara Eihe &#8211; projekta koordinatore (VARAM)&nbsp;<br>E-pasts:&nbsp;<a href=\"mailto:madara.katrina.eihe@varam.gov.lv\">madara.katrina.eihe@varam.gov.lv<\/a>&nbsp;<br>Mob.tel.:&nbsp;<a href=\"tel:+371 25405903\">+371 25405903<\/a>&nbsp;<br>&nbsp;<\/p>\n\n\n\n<ul class=\"wp-block-list\">\n<li><a href=\"http:\/\/eepurl.com\/gnJbZP\" target=\"_blank\" rel=\"noreferrer noopener\">Pieraksties jaunumu sa\u0146em\u0161anai e-past\u0101.<\/a>\u00a0<\/li>\n\n\n\n<li>LIFE atbalsta vien\u012bbas<a href=\"https:\/\/www.facebook.com\/caplifelat?locale=lv_LV\" target=\"_blank\" rel=\"noreferrer noopener\">\u00a0Facebook lapa.<\/a>\u00a0<\/li>\n<\/ul>\n\n\n","protected":false},"excerpt":{"rendered":"<p>Adrese: Doma laukums 8a, R\u012bga, LV-1494, Latvija\u00a0 E-pasts:&nbsp;life@varam.gov.lv&nbsp; Konsult\u0101cijas par LIFE programmu pieejamas katru darba dienu no 8:30-17:00, iepriek\u0161 piesakoties vai nu zvanot, vai s\u016btot e-pastu.&nbsp;&nbsp; J\u0101nis V\u0113bers&hellip;<\/p>\n","protected":false},"author":1,"featured_media":0,"parent":0,"menu_order":0,"comment_status":"closed","ping_status":"closed","template":"","meta":{"footnotes":""},"class_list":["post-4372","page","type-page","status-publish","has-post-thumbnail","hentry"],"_links":{"self":[{"href":"https:\/\/lifeplatforma-staging.needit.lv\/lv\/wp-json\/wp\/v2\/pages\/4372","targetHints":{"allow":["GET"]}}],"collection":[{"href":"https:\/\/lifeplatforma-staging.needit.lv\/lv\/wp-json\/wp\/v2\/pages"}],"about":[{"href":"https:\/\/lifeplatforma-staging.needit.lv\/lv\/wp-json\/wp\/v2\/types\/page"}],"author":[{"embeddable":true,"href":"https:\/\/lifeplatforma-staging.needit.lv\/lv\/wp-json\/wp\/v2\/users\/1"}],"replies":[{"embeddable":true,"href":"https:\/\/lifeplatforma-staging.needit.lv\/lv\/wp-json\/wp\/v2\/comments?post=4372"}],"version-history":[{"count":3,"href":"https:\/\/lifeplatforma-staging.needit.lv\/lv\/wp-json\/wp\/v2\/pages\/4372\/revisions"}],"predecessor-version":[{"id":4464,"href":"https:\/\/lifeplatforma-staging.needit.lv\/lv\/wp-json\/wp\/v2\/pages\/4372\/revisions\/4464"}],"wp:attachment":[{"href":"https:\/\/lifeplatforma-staging.needit.lv\/lv\/wp-json\/wp\/v2\/media?parent=4372"}],"curies":[{"name":"wp","href":"https:\/\/api.w.org\/{rel}","templated":true}]}}